{"id":4861,"date":"2022-10-06T10:59:45","date_gmt":"2022-10-06T08:59:45","guid":{"rendered":"https:\/\/hansa.seodrstaging.se\/?post_type=product&#038;p=4502"},"modified":"2023-12-18T13:42:22","modified_gmt":"2023-12-18T12:42:22","slug":"kelluvien-kattojen-tiivisteet-avoimet-sailiot","status":"publish","type":"product","link":"https:\/\/hansa.seodrstaging.se\/fi\/tuote\/kelluvien-kattojen-tiivisteet-avoimet-sailiot\/","title":{"rendered":"Reunatiivisteet varastos\u00e4ili\u00f6hin ilman s\u00e4\u00e4suojakattoa."},"excerpt":{"rendered":"","protected":false},"featured_media":7186,"template":"","meta":{"_acf_changed":false},"product_brand":[],"product_cat":[190],"product_tag":[],"class_list":{"0":"post-4861","1":"product","2":"type-product","3":"status-publish","4":"has-post-thumbnail","6":"product_cat-imhof-tanktatningar","8":"first","9":"instock","10":"shipping-taxable","11":"purchasable","12":"product-type-simple"},"acf":[],"_links":{"self":[{"href":"https:\/\/hansa.seodrstaging.se\/fi\/wp-json\/wp\/v2\/product\/4861","targetHints":{"allow":["GET"]}}],"collection":[{"href":"https:\/\/hansa.seodrstaging.se\/fi\/wp-json\/wp\/v2\/product"}],"about":[{"href":"https:\/\/hansa.seodrstaging.se\/fi\/wp-json\/wp\/v2\/types\/product"}],"wp:featuredmedia":[{"embeddable":true,"href":"https:\/\/hansa.seodrstaging.se\/fi\/wp-json\/wp\/v2\/media\/7186"}],"wp:attachment":[{"href":"https:\/\/hansa.seodrstaging.se\/fi\/wp-json\/wp\/v2\/media?parent=4861"}],"wp:term":[{"taxonomy":"product_brand","embeddable":true,"href":"https:\/\/hansa.seodrstaging.se\/fi\/wp-json\/wp\/v2\/product_brand?post=4861"},{"taxonomy":"product_cat","embeddable":true,"href":"https:\/\/hansa.seodrstaging.se\/fi\/wp-json\/wp\/v2\/product_cat?post=4861"},{"taxonomy":"product_tag","embeddable":true,"href":"https:\/\/hansa.seodrstaging.se\/fi\/wp-json\/wp\/v2\/product_tag?post=4861"}],"curies":[{"name":"wp","href":"https:\/\/api.w.org\/{rel}","templated":true}]}}