{"id":4862,"date":"2022-10-06T11:01:07","date_gmt":"2022-10-06T09:01:07","guid":{"rendered":"https:\/\/hansa.seodrstaging.se\/?post_type=product&#038;p=4504"},"modified":"2023-12-18T13:46:16","modified_gmt":"2023-12-18T12:46:16","slug":"kelluvien-kattojen-tiivisteet-suljetut-sailiot","status":"publish","type":"product","link":"https:\/\/hansa.seodrstaging.se\/fi\/tuote\/kelluvien-kattojen-tiivisteet-suljetut-sailiot\/","title":{"rendered":"S\u00e4ili\u00f6tiivisteet kelluviin kattoihin, suljetut s\u00e4ili\u00f6t"},"excerpt":{"rendered":"","protected":false},"featured_media":7692,"template":"","meta":{"_acf_changed":false},"product_brand":[],"product_cat":[190],"product_tag":[],"class_list":{"0":"post-4862","1":"product","2":"type-product","3":"status-publish","4":"has-post-thumbnail","6":"product_cat-imhof-tanktatningar","8":"first","9":"instock","10":"shipping-taxable","11":"purchasable","12":"product-type-simple"},"acf":[],"_links":{"self":[{"href":"https:\/\/hansa.seodrstaging.se\/fi\/wp-json\/wp\/v2\/product\/4862","targetHints":{"allow":["GET"]}}],"collection":[{"href":"https:\/\/hansa.seodrstaging.se\/fi\/wp-json\/wp\/v2\/product"}],"about":[{"href":"https:\/\/hansa.seodrstaging.se\/fi\/wp-json\/wp\/v2\/types\/product"}],"wp:featuredmedia":[{"embeddable":true,"href":"https:\/\/hansa.seodrstaging.se\/fi\/wp-json\/wp\/v2\/media\/7692"}],"wp:attachment":[{"href":"https:\/\/hansa.seodrstaging.se\/fi\/wp-json\/wp\/v2\/media?parent=4862"}],"wp:term":[{"taxonomy":"product_brand","embeddable":true,"href":"https:\/\/hansa.seodrstaging.se\/fi\/wp-json\/wp\/v2\/product_brand?post=4862"},{"taxonomy":"product_cat","embeddable":true,"href":"https:\/\/hansa.seodrstaging.se\/fi\/wp-json\/wp\/v2\/product_cat?post=4862"},{"taxonomy":"product_tag","embeddable":true,"href":"https:\/\/hansa.seodrstaging.se\/fi\/wp-json\/wp\/v2\/product_tag?post=4862"}],"curies":[{"name":"wp","href":"https:\/\/api.w.org\/{rel}","templated":true}]}}